{"id":3008,"date":"2017-06-05T11:26:36","date_gmt":"2017-06-05T09:26:36","guid":{"rendered":"http:\/\/015.antiform.eu\/?page_id=3008"},"modified":"2017-06-05T11:33:08","modified_gmt":"2017-06-05T09:33:08","slug":"ansichtssache","status":"publish","type":"page","link":"https:\/\/015.antiform.eu\/index.php\/projekte\/ansichtssache\/","title":{"rendered":"Ansichtssache &#8211; Die Augen von Roberta"},"content":{"rendered":"<p>[et_pb_section admin_label=&#8221;section&#8221; fullwidth=&#8221;on&#8221; specialty=&#8221;off&#8221;][et_pb_fullwidth_slider admin_label=&#8221;veranstaltungsbild&#8221; show_arrows=&#8221;on&#8221; show_pagination=&#8221;on&#8221; auto=&#8221;off&#8221; parallax=&#8221;off&#8221; parallax_method=&#8221;off&#8221; remove_inner_shadow=&#8221;off&#8221; background_position=&#8221;default&#8221; background_size=&#8221;default&#8221; hide_content_on_mobile=&#8221;off&#8221; hide_cta_on_mobile=&#8221;off&#8221; show_image_video_mobile=&#8221;off&#8221; custom_button=&#8221;off&#8221; button_letter_spacing=&#8221;0&#8243; button_use_icon=&#8221;default&#8221; button_icon_placement=&#8221;right&#8221; button_on_hover=&#8221;on&#8221; button_letter_spacing_hover=&#8221;0&#8243; auto_ignore_hover=&#8221;off&#8221;]<\/p>\n<p>[et_pb_slide background_image=&#8221;http:\/\/015.antiform.eu\/wp-content\/uploads\/2017\/06\/web-slider-bg.jpg&#8221; background_color=&#8221;#ffffff&#8221; alignment=&#8221;center&#8221; background_layout=&#8221;dark&#8221; allow_player_pause=&#8221;off&#8221; background_position=&#8221;center&#8221; background_size=&#8221;default&#8221; header_font_select=&#8221;Francois One&#8221; body_font_select=&#8221;default&#8221; custom_button=&#8221;off&#8221; button_font_select=&#8221;default&#8221; button_use_icon=&#8221;default&#8221; button_icon_placement=&#8221;right&#8221; button_on_hover=&#8221;on&#8221; use_bg_overlay=&#8221;off&#8221; use_text_overlay=&#8221;off&#8221; text_border_radius=&#8221;3&#8243; header_font=&#8221;Francois One|on|||&#8221; body_font=&#8221;||||&#8221; button_font=&#8221;||||&#8221; header_text_color=&#8221;#ffffff&#8221;]<\/p>\n<p>&nbsp;<\/p>\n<p>&nbsp;<\/p>\n<p>&nbsp;<\/p>\n<p>&nbsp;<\/p>\n<p>[\/et_pb_slide]<\/p>\n<p>[\/et_pb_fullwidth_slider][\/et_pb_section][et_pb_section admin_label=&#8221;section&#8221; fullwidth=&#8221;off&#8221; specialty=&#8221;off&#8221; transparent_background=&#8221;off&#8221; background_color=&#8221;#ffffff&#8221; inner_shadow=&#8221;off&#8221; parallax=&#8221;on&#8221; parallax_method=&#8221;off&#8221; allow_player_pause=&#8221;off&#8221;][et_pb_row admin_label=&#8221;row&#8221;][et_pb_column type=&#8221;4_4&#8243;][et_pb_text admin_label=&#8221;titel&#8221; background_layout=&#8221;light&#8221; text_orientation=&#8221;left&#8221; use_border_color=&#8221;off&#8221; border_color=&#8221;#ffffff&#8221; border_style=&#8221;solid&#8221;]<\/p>\n<h1 class=\"title\"><strong>Ansichtssache &#8211; <\/strong>Die Augen von Roberta<\/h1>\n<p>&nbsp;<\/p>\n<p>[\/et_pb_text][\/et_pb_column][\/et_pb_row][et_pb_row admin_label=&#8221;row&#8221;][et_pb_column type=&#8221;1_3&#8243;][et_pb_image admin_label=&#8221;logo&#8221; src=&#8221;http:\/\/015.antiform.eu\/wp-content\/uploads\/2017\/06\/logohh.jpg&#8221; show_in_lightbox=&#8221;off&#8221; url_new_window=&#8221;off&#8221; animation=&#8221;left&#8221; sticky=&#8221;off&#8221; align=&#8221;left&#8221; force_fullwidth=&#8221;off&#8221; always_center_on_mobile=&#8221;on&#8221; use_border_color=&#8221;off&#8221; border_color=&#8221;#ffffff&#8221; border_style=&#8221;solid&#8221; use_overlay=&#8221;off&#8221;]<\/p>\n<p>&nbsp;<\/p>\n<p>[\/et_pb_image][\/et_pb_column][et_pb_column type=&#8221;2_3&#8243;][et_pb_text admin_label=&#8221;datum&#8221; background_layout=&#8221;light&#8221; text_orientation=&#8221;left&#8221; use_border_color=&#8221;off&#8221; border_color=&#8221;#ffffff&#8221; border_style=&#8221;solid&#8221;]<\/p>\n<h3 class=\"entry-content\" style=\"text-align: justify;\"><strong>12. Mai &#8211; 2. Juli 2017<\/strong><\/h3>\n<p>&nbsp;<\/p>\n<p>[\/et_pb_text][et_pb_text admin_label=&#8221;infotext&#8221; background_layout=&#8221;light&#8221; text_orientation=&#8221;left&#8221; use_border_color=&#8221;off&#8221; border_color=&#8221;#ffffff&#8221; border_style=&#8221;solid&#8221;]<\/p>\n<p style=\"text-align: justify;\">Ein neues Leerstandsprojekt von antiform. In Kooperation mit der <strong><a href=\"http:\/\/www.hohenhonnef-gmbh.de\" target=\"_blank\">Hohenhonnef GmbH<\/a><\/strong>, einer gemeinn\u00fctzigen Gesellschaft der Cornelius-Helferich-Stiftung, zeigen wir in der ehemaligen Rhein Apotheke in K\u00f6nigswinter Arbeiten von Bewohnern des Hauses Hohenhonnef. Sie sind in Workshops zusammen mit der Bad Honnefer K\u00fcnstlerin Franka Peikert und unserem Mitglied Andreas Rein entstanden.<\/p>\n<p style=\"text-align: justify;\">M<span style=\"font-size: medium;\">it unterschiedlichsten Farben, Malgr\u00fcnden und Formaten haben die Teilnehmer dabei einzigartige Kunstwerke geschaffen, deren tiefe Authentizit\u00e4t uns sehr beeindruckt hat. <\/span>Das Titelbild der Ausstellung\u00a0 \u201e<span style=\"font-size: medium;\"><span style=\"font-size: medium;\">Robertas Augen\u201c vermittelt zudem anschaulich, dass der Blickwinkel eines Menschen auf die Kunst individuell gepr\u00e4gt ist und die Interpretation des Gesehenen immer <\/span><span style=\"font-size: medium;\"><i><b>Ansichtssache<\/b><\/i><\/span><span style=\"font-size: medium;\"> bleibt. <\/span><\/span><span style=\"font-size: medium;\">Der Betrachter wird herzlich eingeladen, sich auf die Faszination und Wirkkraft dieser <\/span><span style=\"font-size: medium;\"><i>Werke<\/i><\/span><span style=\"font-size: medium;\"> einzulassen. Jedes Bild ist ein unverwechselbares Unikat.<\/span><\/p>\n<p>[\/et_pb_text][et_pb_divider admin_label=&#8221;Teiler&#8221; color=&#8221;#b5b5b5&#8243; show_divider=&#8221;on&#8221; height=&#8221;10&#8243; divider_style=&#8221;solid&#8221; divider_position=&#8221;top&#8221; hide_on_mobile=&#8221;on&#8221;]<\/p>\n<p>&nbsp;<\/p>\n<p>[\/et_pb_divider][et_pb_text admin_label=&#8221;Text&#8221; background_layout=&#8221;light&#8221; text_orientation=&#8221;left&#8221; use_border_color=&#8221;off&#8221; border_color=&#8221;#ffffff&#8221; border_style=&#8221;solid&#8221;]<\/p>\n<h3 class=\"western\" align=\"justify\"><strong>Die K\u00fcnstler<\/strong><\/h3>\n<p class=\"western\" align=\"justify\"><span style=\"font-family: Arial,sans-serif;\"><strong>Chantal Raskob<\/strong> ist ein begeistertes Mitglied der K\u00fcnstlergruppe. Sie experimentiert h\u00e4ufig mit ausgefallenen Materialien, wie Rostpatina und Metalleffekten. Zudem arbeitet sie gerne mit abstrakten Formen, begeistert sich aber auch f\u00fcr gegenst\u00e4ndliche Motive wie Blumen, Landschaften und H\u00e4user.<\/span><\/p>\n<p class=\"western\" align=\"justify\"><span style=\"font-family: Arial,sans-serif;\"><strong>Christian Kloninger<\/strong> arbeitet als festes Mitglied seit 2008 in der Kunstwerkstatt. Seine Bilder konnte er bereits in mehreren Ausstellungen sehr erfolgreich pr\u00e4sentieren. Fig\u00fcrliche Malerei und Zeichnung, die Darstellung von H\u00e4usern, St\u00e4dten, Fischen, Bl\u00e4ttern und Buchstaben, die er gerne experimentell umsetzt, geh\u00f6ren zu seinen<\/span><span style=\"font-family: Arial,sans-serif;\"> Vorlieben. Seit 2014 hat er erstmals eine Dauer- Einzelausstellung in Rheinbreitbach. Mit seinem Dezemberbild gewann er 2016 den 1.Platz des \u201eWeihnachtskartenwettbewerbes\u201c der Berufsgenossenschaft (BWG).<\/span><\/p>\n<p class=\"western\" align=\"justify\"><span style=\"font-family: Arial,sans-serif;\"><strong>Holger Hauf<\/strong> nutzt gerne kleinformatige Vorlagen und wandelt diese phantasievoll um. Vielseitig interessiert, verwendet er bevorzugt Tusche und Aquarellfarbe. Vor einigen Jahren entwickelte er das Arbeiten auf Pergamentrollen, die dann auf Leinwand gezogen werden. In der Ausstellung \u201eAnsichts-Sache\u201c wird diese Technik mit dem Bild \u201eLeben entsteht\u201c pr\u00e4sentiert. Herr Hauf war 2013 stolzer Sieger des Kunstpreises der Berufsgenossenschaft (BWG) f\u00fcr K\u00fcnstler mit Behinderung.<\/span><\/p>\n<p class=\"western\" style=\"text-align: justify;\"><strong><span style=\"font-family: Arial,sans-serif;\">Roberta Wilhelm<\/span><\/strong> <span style=\"font-family: Arial,sans-serif;\"> arbeitet h\u00e4ufig mit der Tuschfeder, liebt aber auch den spontanen experimentellen Umgang mit leuchtenden Acrylfarben. Ihre Augen und Blumenwiesen sind ihre Lieblingsmotive, die sie zahlreich auf verschiedene<\/span> <span style=\"font-family: Arial,sans-serif;\">Untergr\u00fcnden malt.<\/span><\/p>\n<p class=\"western\" style=\"text-align: justify;\"><span style=\"font-family: Arial,sans-serif;\"><strong>Josef Hornischer<\/strong>, als neustes Mitglied der Kunstwerkstatt<\/span><span style=\"font-family: Arial,sans-serif;\">, <\/span><span style=\"font-family: Arial,sans-serif;\"> besch\u00e4ftigt sich bevorzugt mit Zahlen, die er mit Rost-Effekten auf der Leinwand kombiniert.<\/span><\/p>\n<p>[\/et_pb_text][\/et_pb_column][\/et_pb_row][et_pb_row admin_label=&#8221;Zeile&#8221;][et_pb_column type=&#8221;4_4&#8243;][et_pb_divider admin_label=&#8221;Teiler&#8221; color=&#8221;#b5b5b5&#8243; show_divider=&#8221;on&#8221; height=&#8221;10&#8243; divider_style=&#8221;solid&#8221; divider_position=&#8221;top&#8221; hide_on_mobile=&#8221;on&#8221;]<\/p>\n<p>&nbsp;<\/p>\n<p>[\/et_pb_divider][et_pb_gallery admin_label=&#8221;Galerie&#8221; gallery_ids=&#8221;3012,3011,3013,3015,3016,3014&#8243; fullwidth=&#8221;off&#8221; show_title_and_caption=&#8221;off&#8221; show_pagination=&#8221;off&#8221; background_layout=&#8221;light&#8221; auto=&#8221;off&#8221; hover_overlay_color=&#8221;rgba(255,255,255,0.9)&#8221; caption_all_caps=&#8221;off&#8221; use_border_color=&#8221;off&#8221; border_color=&#8221;#ffffff&#8221; border_style=&#8221;solid&#8221; posts_number=&#8221;20&#8243;]<\/p>\n<p>&nbsp;<\/p>\n<p>[\/et_pb_gallery][et_pb_divider admin_label=&#8221;Teiler&#8221; color=&#8221;#b5b5b5&#8243; show_divider=&#8221;on&#8221; height=&#8221;10&#8243; divider_style=&#8221;solid&#8221; divider_position=&#8221;top&#8221; hide_on_mobile=&#8221;on&#8221;]<\/p>\n<p>&nbsp;<\/p>\n<p>[\/et_pb_divider][et_pb_map admin_label=&#8221;Karte&#8221; address=&#8221;Drachenfelsstra\u00dfe, 53639 K\u00f6nigswinter, Deutschland&#8221; zoom_level=&#8221;12&#8243; address_lat=&#8221;50.66351943432886&#8243; address_lng=&#8221;7.211329717660533&#8243; mouse_wheel=&#8221;on&#8221; mobile_dragging=&#8221;on&#8221; use_grayscale_filter=&#8221;off&#8221;]<\/p>\n<p>[et_pb_map_pin title=&#8221;Rhein Apotheke&#8221; pin_address=&#8221;Hauptstra\u00dfe 338, 53639 K\u00f6nigswinter, Deutschland&#8221; pin_address_lat=&#8221;50.676463137809044&#8243; pin_address_lng=&#8221;7.19169834055333&#8243;]<\/p>\n<p>antiform Ausstellung<\/p>\n<p><strong>Ansichtssache<\/strong><\/p>\n<p>in Kooperation mit<\/p>\n<p>Haus Hohenhonnef GmbH<\/p>\n<p>[\/et_pb_map_pin][et_pb_map_pin title=&#8221;Haus Hohenhonnef GmbH&#8221; pin_address=&#8221;Bergstra\u00dfe 111, 53604 Bad Honnef, Deutschland&#8221; pin_address_lat=&#8221;50.65017214999482&#8243; pin_address_lng=&#8221;7.240348984761113&#8243;]<\/p>\n<p><b>Hohenhonnef GmbH<\/b><\/p>\n<p>Gemeinn\u00fctzige Gesellschaft der Cornelius-Helferich-Stiftung<\/p>\n<p>f\u00fcr Menschen mit Behinderung<\/p>\n<p>[\/et_pb_map_pin]<\/p>\n<p>[\/et_pb_map][\/et_pb_column][\/et_pb_row][\/et_pb_section]<\/p>\n","protected":false},"excerpt":{"rendered":"<p>[et_pb_section admin_label=&#8221;section&#8221; fullwidth=&#8221;on&#8221; specialty=&#8221;off&#8221;][et_pb_fullwidth_slider admin_label=&#8221;veranstaltungsbild&#8221; show_arrows=&#8221;on&#8221; show_pagination=&#8221;on&#8221; auto=&#8221;off&#8221; parallax=&#8221;off&#8221; parallax_method=&#8221;off&#8221; remove_inner_shadow=&#8221;off&#8221; background_position=&#8221;default&#8221; background_size=&#8221;default&#8221; hide_content_on_mobile=&#8221;off&#8221; hide_cta_on_mobile=&#8221;off&#8221; show_image_video_mobile=&#8221;off&#8221; custom_button=&#8221;off&#8221; button_letter_spacing=&#8221;0&#8243; button_use_icon=&#8221;default&#8221; button_icon_placement=&#8221;right&#8221; button_on_hover=&#8221;on&#8221; button_letter_spacing_hover=&#8221;0&#8243; auto_ignore_hover=&#8221;off&#8221;] [et_pb_slide background_image=&#8221;http:\/\/015.antiform.eu\/wp-content\/uploads\/2017\/06\/web-slider-bg.jpg&#8221; background_color=&#8221;#ffffff&#8221; alignment=&#8221;center&#8221; background_layout=&#8221;dark&#8221; allow_player_pause=&#8221;off&#8221; background_position=&#8221;center&#8221; background_size=&#8221;default&#8221; header_font_select=&#8221;Francois One&#8221; body_font_select=&#8221;default&#8221; custom_button=&#8221;off&#8221; button_font_select=&#8221;default&#8221; button_use_icon=&#8221;default&#8221; button_icon_placement=&#8221;right&#8221; button_on_hover=&#8221;on&#8221; use_bg_overlay=&#8221;off&#8221; use_text_overlay=&#8221;off&#8221; text_border_radius=&#8221;3&#8243; header_font=&#8221;Francois One|on|||&#8221; body_font=&#8221;||||&#8221; button_font=&#8221;||||&#8221; header_text_color=&#8221;#ffffff&#8221;] &nbsp; &nbsp; &nbsp; &nbsp; [\/et_pb_slide] [\/et_pb_fullwidth_slider][\/et_pb_section][et_pb_section admin_label=&#8221;section&#8221; fullwidth=&#8221;off&#8221; [&hellip;]<\/p>\n","protected":false},"author":4,"featured_media":0,"parent":1692,"menu_order":0,"comment_status":"closed","ping_status":"closed","template":"","meta":[],"_links":{"self":[{"href":"https:\/\/015.antiform.eu\/index.php\/wp-json\/wp\/v2\/pages\/3008"}],"collection":[{"href":"https:\/\/015.antiform.eu\/index.php\/wp-json\/wp\/v2\/pages"}],"about":[{"href":"https:\/\/015.antiform.eu\/index.php\/wp-json\/wp\/v2\/types\/page"}],"author":[{"embeddable":true,"href":"https:\/\/015.antiform.eu\/index.php\/wp-json\/wp\/v2\/users\/4"}],"replies":[{"embeddable":true,"href":"https:\/\/015.antiform.eu\/index.php\/wp-json\/wp\/v2\/comments?post=3008"}],"version-history":[{"count":5,"href":"https:\/\/015.antiform.eu\/index.php\/wp-json\/wp\/v2\/pages\/3008\/revisions"}],"predecessor-version":[{"id":3022,"href":"https:\/\/015.antiform.eu\/index.php\/wp-json\/wp\/v2\/pages\/3008\/revisions\/3022"}],"up":[{"embeddable":true,"href":"https:\/\/015.antiform.eu\/index.php\/wp-json\/wp\/v2\/pages\/1692"}],"wp:attachment":[{"href":"https:\/\/015.antiform.eu\/index.php\/wp-json\/wp\/v2\/media?parent=3008"}],"curies":[{"name":"wp","href":"https:\/\/api.w.org\/{rel}","templated":true}]}}