{"id":2484,"date":"2016-08-22T17:29:54","date_gmt":"2016-08-22T15:29:54","guid":{"rendered":"http:\/\/015.antiform.eu\/?page_id=2484"},"modified":"2016-08-22T18:18:25","modified_gmt":"2016-08-22T16:18:25","slug":"es","status":"publish","type":"page","link":"https:\/\/015.antiform.eu\/index.php\/projekte\/es\/","title":{"rendered":"Empty Spaces"},"content":{"rendered":"<p>[et_pb_section admin_label=&#8221;section&#8221; fullwidth=&#8221;on&#8221; specialty=&#8221;off&#8221;][et_pb_fullwidth_slider admin_label=&#8221;veranstaltungsbild&#8221; show_arrows=&#8221;on&#8221; show_pagination=&#8221;on&#8221; auto=&#8221;off&#8221; parallax=&#8221;off&#8221; parallax_method=&#8221;off&#8221; remove_inner_shadow=&#8221;off&#8221; background_position=&#8221;default&#8221; background_size=&#8221;default&#8221; hide_content_on_mobile=&#8221;off&#8221; hide_cta_on_mobile=&#8221;off&#8221; show_image_video_mobile=&#8221;off&#8221; custom_button=&#8221;off&#8221; button_letter_spacing=&#8221;0&#8243; button_use_icon=&#8221;default&#8221; button_icon_placement=&#8221;right&#8221; button_on_hover=&#8221;on&#8221; button_letter_spacing_hover=&#8221;0&#8243; auto_ignore_hover=&#8221;off&#8221;]<\/p>\n<p>[et_pb_slide background_image=&#8221;http:\/\/015.antiform.eu\/wp-content\/uploads\/2016\/08\/es_flyer_01a.jpg&#8221; background_color=&#8221;#ffffff&#8221; alignment=&#8221;center&#8221; background_layout=&#8221;dark&#8221; allow_player_pause=&#8221;off&#8221; background_position=&#8221;center&#8221; background_size=&#8221;default&#8221; header_font_select=&#8221;Francois One&#8221; body_font_select=&#8221;default&#8221; custom_button=&#8221;off&#8221; button_font_select=&#8221;default&#8221; button_use_icon=&#8221;default&#8221; button_icon_placement=&#8221;right&#8221; button_on_hover=&#8221;on&#8221; use_bg_overlay=&#8221;off&#8221; use_text_overlay=&#8221;off&#8221; text_border_radius=&#8221;3&#8243; header_font=&#8221;Francois One|on|||&#8221; body_font=&#8221;||||&#8221; button_font=&#8221;||||&#8221; heading=&#8221;EMPTY SPACES&#8221; button_text=&#8221;Zur Website des Projekts&#8221; button_link=&#8221;http:\/\/es.antiform.eu&#8221; image=&#8221;http:\/\/015.antiform.eu\/wp-content\/uploads\/2016\/08\/es-logo-03-500.png&#8221; header_text_color=&#8221;#ffffff&#8221;] [\/et_pb_slide]<\/p>\n<p>[\/et_pb_fullwidth_slider][\/et_pb_section][et_pb_section admin_label=&#8221;section&#8221; fullwidth=&#8221;off&#8221; specialty=&#8221;off&#8221; transparent_background=&#8221;off&#8221; background_color=&#8221;#ffffff&#8221; inner_shadow=&#8221;off&#8221; parallax=&#8221;on&#8221; parallax_method=&#8221;off&#8221; allow_player_pause=&#8221;off&#8221;][et_pb_row admin_label=&#8221;row&#8221;][et_pb_column type=&#8221;4_4&#8243;][et_pb_text admin_label=&#8221;titel&#8221; background_layout=&#8221;light&#8221; text_orientation=&#8221;left&#8221; use_border_color=&#8221;off&#8221; border_color=&#8221;#ffffff&#8221; border_style=&#8221;solid&#8221;]<\/p>\n<h1 class=\"title\"><strong>Kunst im Leerstand<br \/>\n<\/strong><\/h1>\n<p>[\/et_pb_text][\/et_pb_column][\/et_pb_row][et_pb_row admin_label=&#8221;row&#8221;][et_pb_column type=&#8221;1_3&#8243;][et_pb_image admin_label=&#8221;logo&#8221; src=&#8221;http:\/\/015.antiform.eu\/wp-content\/uploads\/2016\/08\/hugeit-slide22.jpg&#8221; show_in_lightbox=&#8221;off&#8221; url_new_window=&#8221;off&#8221; animation=&#8221;left&#8221; sticky=&#8221;off&#8221; align=&#8221;left&#8221; force_fullwidth=&#8221;off&#8221; always_center_on_mobile=&#8221;on&#8221; use_border_color=&#8221;off&#8221; border_color=&#8221;#ffffff&#8221; border_style=&#8221;solid&#8221; use_overlay=&#8221;off&#8221;]<\/p>\n<p>&nbsp;<\/p>\n<p>[\/et_pb_image][et_pb_image admin_label=&#8221;logo&#8221; src=&#8221;http:\/\/015.antiform.eu\/wp-content\/uploads\/2016\/08\/hugeit-slide20.jpg&#8221; show_in_lightbox=&#8221;off&#8221; url_new_window=&#8221;off&#8221; animation=&#8221;left&#8221; sticky=&#8221;off&#8221; align=&#8221;left&#8221; force_fullwidth=&#8221;off&#8221; always_center_on_mobile=&#8221;on&#8221; use_border_color=&#8221;off&#8221; border_color=&#8221;#ffffff&#8221; border_style=&#8221;solid&#8221; use_overlay=&#8221;off&#8221;]<\/p>\n<p>&nbsp;<\/p>\n<p>[\/et_pb_image][\/et_pb_column][et_pb_column type=&#8221;2_3&#8243;][et_pb_text admin_label=&#8221;datum&#8221; background_layout=&#8221;light&#8221; text_orientation=&#8221;left&#8221; use_border_color=&#8221;off&#8221; border_color=&#8221;#ffffff&#8221; border_style=&#8221;solid&#8221;]<\/p>\n<h3 class=\"entry-content\" style=\"text-align: justify;\"><strong>12. August &#8211; 31. Oktober 2016<br \/>\n<\/strong><\/h3>\n<p>[\/et_pb_text][et_pb_text admin_label=&#8221;infotext&#8221; background_layout=&#8221;light&#8221; text_orientation=&#8221;left&#8221; use_border_color=&#8221;off&#8221; border_color=&#8221;#ffffff&#8221; border_style=&#8221;solid&#8221;]<\/p>\n<p style=\"text-align: justify;\">Bei dem Kunstevent Empty Spaces werden Projekte in vier St\u00e4dten miteinander vernetzt. Insgesamt sind mehr als 30 K\u00fcnstler, Organisatoren und Organisationen unterschiedlichster Art daran beteiligt. Alle Konzepte werden in leerstehenden Immobilien in den Innenst\u00e4dten realisiert. Am 28.08. geht es in K\u00f6ln mit Musik, Installationen und Urban Gardening los, danach startet eine Ausstellung von vier Fotografen in K\u00f6nigswinter, dann ein Performance Projekt in Siegburg und eine Ausstellung mit K\u00fcnstlern der Kunstakademie D\u00fcsseldorf in Bonn. Die Gesamtprojektzeit dauert bis Ende Oktober.<\/p>\n<p><strong>Infos: <a class=\"moz-txt-link-freetext\" href=\"http:\/\/es.antiform.eu\">http:\/\/es.antiform.eu<\/a><\/strong><\/p>\n<p>[\/et_pb_text][\/et_pb_column][\/et_pb_row][et_pb_row admin_label=&#8221;row&#8221;][et_pb_column type=&#8221;4_4&#8243;][et_pb_divider admin_label=&#8221;Teiler&#8221; color=&#8221;#d6d6d6&#8243; show_divider=&#8221;on&#8221;]<\/p>\n<p>&nbsp;<\/p>\n<p>[\/et_pb_divider][\/et_pb_column][\/et_pb_row][et_pb_row admin_label=&#8221;Zeile&#8221;][et_pb_column type=&#8221;1_4&#8243;][et_pb_image admin_label=&#8221;Bild&#8221; src=&#8221;http:\/\/015.antiform.eu\/wp-content\/uploads\/2016\/08\/logo600.png&#8221; show_in_lightbox=&#8221;off&#8221; url_new_window=&#8221;on&#8221; use_overlay=&#8221;off&#8221; animation=&#8221;left&#8221; sticky=&#8221;off&#8221; align=&#8221;left&#8221; force_fullwidth=&#8221;off&#8221; always_center_on_mobile=&#8221;on&#8221; use_border_color=&#8221;off&#8221; border_color=&#8221;#ffffff&#8221; border_style=&#8221;solid&#8221; url=&#8221;https:\/\/www.mfkjks.nrw\/&#8221;]<br \/>\n[\/et_pb_image][\/et_pb_column][et_pb_column type=&#8221;1_4&#8243;][et_pb_image admin_label=&#8221;Bild&#8221; src=&#8221;http:\/\/015.antiform.eu\/wp-content\/uploads\/2016\/08\/rkblogo600.png&#8221; show_in_lightbox=&#8221;off&#8221; url_new_window=&#8221;on&#8221; use_overlay=&#8221;off&#8221; animation=&#8221;left&#8221; sticky=&#8221;off&#8221; align=&#8221;left&#8221; force_fullwidth=&#8221;off&#8221; always_center_on_mobile=&#8221;on&#8221; use_border_color=&#8221;off&#8221; border_color=&#8221;#ffffff&#8221; border_style=&#8221;solid&#8221; url=&#8221;http:\/\/www.region-koeln-bonn.de\/de\/index.html&#8221;]<br \/>\n[\/et_pb_image][\/et_pb_column][et_pb_column type=&#8221;1_4&#8243;][et_pb_image admin_label=&#8221;Bild&#8221; src=&#8221;http:\/\/015.antiform.eu\/wp-content\/uploads\/2016\/08\/rhenag-Logo-EB80_4c_1.jpg&#8221; show_in_lightbox=&#8221;off&#8221; url_new_window=&#8221;on&#8221; use_overlay=&#8221;off&#8221; animation=&#8221;left&#8221; sticky=&#8221;off&#8221; align=&#8221;left&#8221; force_fullwidth=&#8221;off&#8221; always_center_on_mobile=&#8221;on&#8221; use_border_color=&#8221;off&#8221; border_color=&#8221;#ffffff&#8221; border_style=&#8221;solid&#8221; url=&#8221;http:\/\/www.rhenag.de\/&#8221;]<br \/>\n[\/et_pb_image][\/et_pb_column][et_pb_column type=&#8221;1_4&#8243;][et_pb_image admin_label=&#8221;Bild&#8221; src=&#8221;http:\/\/015.antiform.eu\/wp-content\/uploads\/2016\/08\/rweblogo600.png&#8221; show_in_lightbox=&#8221;off&#8221; url_new_window=&#8221;on&#8221; use_overlay=&#8221;off&#8221; animation=&#8221;left&#8221; sticky=&#8221;off&#8221; align=&#8221;left&#8221; force_fullwidth=&#8221;off&#8221; always_center_on_mobile=&#8221;on&#8221; use_border_color=&#8221;off&#8221; border_color=&#8221;#ffffff&#8221; border_style=&#8221;solid&#8221; url=&#8221;https:\/\/www.rwe.de\/&#8221;]<br \/>\n[\/et_pb_image][\/et_pb_column][\/et_pb_row][et_pb_row admin_label=&#8221;row&#8221;][et_pb_column type=&#8221;4_4&#8243;][et_pb_divider admin_label=&#8221;Teiler&#8221; color=&#8221;#d6d6d6&#8243; show_divider=&#8221;on&#8221;]<\/p>\n<p>&nbsp;<\/p>\n<p>[\/et_pb_divider][\/et_pb_column][\/et_pb_row][\/et_pb_section]<\/p>\n","protected":false},"excerpt":{"rendered":"<p>[et_pb_section admin_label=&#8221;section&#8221; fullwidth=&#8221;on&#8221; specialty=&#8221;off&#8221;][et_pb_fullwidth_slider admin_label=&#8221;veranstaltungsbild&#8221; show_arrows=&#8221;on&#8221; show_pagination=&#8221;on&#8221; auto=&#8221;off&#8221; parallax=&#8221;off&#8221; parallax_method=&#8221;off&#8221; remove_inner_shadow=&#8221;off&#8221; background_position=&#8221;default&#8221; background_size=&#8221;default&#8221; hide_content_on_mobile=&#8221;off&#8221; hide_cta_on_mobile=&#8221;off&#8221; show_image_video_mobile=&#8221;off&#8221; custom_button=&#8221;off&#8221; button_letter_spacing=&#8221;0&#8243; button_use_icon=&#8221;default&#8221; button_icon_placement=&#8221;right&#8221; button_on_hover=&#8221;on&#8221; button_letter_spacing_hover=&#8221;0&#8243; auto_ignore_hover=&#8221;off&#8221;] [et_pb_slide background_image=&#8221;http:\/\/015.antiform.eu\/wp-content\/uploads\/2016\/08\/es_flyer_01a.jpg&#8221; background_color=&#8221;#ffffff&#8221; alignment=&#8221;center&#8221; background_layout=&#8221;dark&#8221; allow_player_pause=&#8221;off&#8221; background_position=&#8221;center&#8221; background_size=&#8221;default&#8221; header_font_select=&#8221;Francois One&#8221; body_font_select=&#8221;default&#8221; custom_button=&#8221;off&#8221; button_font_select=&#8221;default&#8221; button_use_icon=&#8221;default&#8221; button_icon_placement=&#8221;right&#8221; button_on_hover=&#8221;on&#8221; use_bg_overlay=&#8221;off&#8221; use_text_overlay=&#8221;off&#8221; text_border_radius=&#8221;3&#8243; header_font=&#8221;Francois One|on|||&#8221; body_font=&#8221;||||&#8221; button_font=&#8221;||||&#8221; heading=&#8221;EMPTY SPACES&#8221; button_text=&#8221;Zur Website des Projekts&#8221; button_link=&#8221;http:\/\/es.antiform.eu&#8221; image=&#8221;http:\/\/015.antiform.eu\/wp-content\/uploads\/2016\/08\/es-logo-03-500.png&#8221; header_text_color=&#8221;#ffffff&#8221;] [&hellip;]<\/p>\n","protected":false},"author":4,"featured_media":0,"parent":1692,"menu_order":0,"comment_status":"closed","ping_status":"closed","template":"","meta":[],"_links":{"self":[{"href":"https:\/\/015.antiform.eu\/index.php\/wp-json\/wp\/v2\/pages\/2484"}],"collection":[{"href":"https:\/\/015.antiform.eu\/index.php\/wp-json\/wp\/v2\/pages"}],"about":[{"href":"https:\/\/015.antiform.eu\/index.php\/wp-json\/wp\/v2\/types\/page"}],"author":[{"embeddable":true,"href":"https:\/\/015.antiform.eu\/index.php\/wp-json\/wp\/v2\/users\/4"}],"replies":[{"embeddable":true,"href":"https:\/\/015.antiform.eu\/index.php\/wp-json\/wp\/v2\/comments?post=2484"}],"version-history":[{"count":12,"href":"https:\/\/015.antiform.eu\/index.php\/wp-json\/wp\/v2\/pages\/2484\/revisions"}],"predecessor-version":[{"id":2515,"href":"https:\/\/015.antiform.eu\/index.php\/wp-json\/wp\/v2\/pages\/2484\/revisions\/2515"}],"up":[{"embeddable":true,"href":"https:\/\/015.antiform.eu\/index.php\/wp-json\/wp\/v2\/pages\/1692"}],"wp:attachment":[{"href":"https:\/\/015.antiform.eu\/index.php\/wp-json\/wp\/v2\/media?parent=2484"}],"curies":[{"name":"wp","href":"https:\/\/api.w.org\/{rel}","templated":true}]}}