{"id":1730,"date":"2015-07-21T16:52:09","date_gmt":"2015-07-21T14:52:09","guid":{"rendered":"http:\/\/015.antiform.eu\/?page_id=1730"},"modified":"2015-07-21T19:43:52","modified_gmt":"2015-07-21T17:43:52","slug":"lichtspiele","status":"publish","type":"page","link":"https:\/\/015.antiform.eu\/index.php\/projekte\/lichtspiele\/","title":{"rendered":"Lichtspiele"},"content":{"rendered":"<p>[et_pb_section fullwidth=&#8221;off&#8221; specialty=&#8221;off&#8221; transparent_background=&#8221;off&#8221; background_video_mp4=&#8221;http:\/\/015.antiform.eu\/wp-content\/uploads\/2015\/07\/06-Les-Mains-Bleues-Hd-2.mp4&#8243; allow_player_pause=&#8221;off&#8221; inner_shadow=&#8221;off&#8221; parallax=&#8221;off&#8221; parallax_method=&#8221;off&#8221; padding_mobile=&#8221;off&#8221; make_fullwidth=&#8221;off&#8221; use_custom_width=&#8221;off&#8221; width_unit=&#8221;on&#8221; make_equal=&#8221;off&#8221; use_custom_gutter=&#8221;off&#8221;][et_pb_row][et_pb_column type=&#8221;4_4&#8243;][et_pb_image admin_label=&#8221;Bild&#8221; src=&#8221;http:\/\/015.antiform.eu\/wp-content\/uploads\/2015\/07\/lichtspiele2-500.png&#8221; show_in_lightbox=&#8221;off&#8221; url_new_window=&#8221;off&#8221; animation=&#8221;fade_in&#8221; sticky=&#8221;off&#8221; align=&#8221;left&#8221; force_fullwidth=&#8221;off&#8221; always_center_on_mobile=&#8221;on&#8221; use_border_color=&#8221;off&#8221; border_color=&#8221;#ffffff&#8221; border_style=&#8221;solid&#8221; \/][et_pb_text admin_label=&#8221;Text&#8221; background_layout=&#8221;light&#8221; text_orientation=&#8221;left&#8221; use_border_color=&#8221;off&#8221; border_color=&#8221;#ffffff&#8221; border_style=&#8221;solid&#8221;]<\/p>\n<h1><strong>Galerie f\u00fcr Videokunst<\/strong><\/h1>\n<p>[\/et_pb_text][et_pb_divider admin_label=&#8221;Teiler&#8221; color=&#8221;#ffffff&#8221; show_divider=&#8221;off&#8221; height=&#8221;450&#8243; divider_style=&#8221;solid&#8221; divider_position=&#8221;top&#8221; hide_on_mobile=&#8221;on&#8221; \/][\/et_pb_column][\/et_pb_row][\/et_pb_section][et_pb_section fullwidth=&#8221;off&#8221; specialty=&#8221;off&#8221; transparent_background=&#8221;off&#8221; background_color=&#8221;#ffffff&#8221; inner_shadow=&#8221;off&#8221; parallax=&#8221;on&#8221; parallax_method=&#8221;off&#8221; allow_player_pause=&#8221;off&#8221;][et_pb_row][et_pb_column type=&#8221;4_4&#8243;][et_pb_text admin_label=&#8221;infotext&#8221; background_layout=&#8221;light&#8221; text_orientation=&#8221;left&#8221; use_border_color=&#8221;off&#8221; border_color=&#8221;#ffffff&#8221; border_style=&#8221;solid&#8221;]<\/p>\n<p style=\"text-align: justify;\">Im ehemaligen Schlecker-Markt in der Fu\u00dfg\u00e4ngerzone von K\u00f6nigswinter entstand im Fr\u00fchjahr 2013 die erste Galerie f\u00fcr Videokunst weit und breit. Dort werden in unregelm\u00e4\u00dfigem Rhythmus Arbeiten von Videok\u00fcnstlern aus dem In- und Ausland pr\u00e4sentiert. Zus\u00e4tzlich pr\u00e4sentiert das Antiform-Team dort themenbezogene programme, wie zum Beispiel Werbe- und Imagefilme aus der ganzen Welt.<\/p>\n<p>[\/et_pb_text][et_pb_divider admin_label=&#8221;Teiler&#8221; color=&#8221;#d6d6d6&#8243; show_divider=&#8221;on&#8221; \/][\/et_pb_column][\/et_pb_row][et_pb_row][et_pb_column type=&#8221;4_4&#8243;][et_pb_gallery admin_label=&#8221;bildergalerie&#8221; gallery_ids=&#8221;1795,1796,1797&#8243; fullwidth=&#8221;off&#8221; posts_number=&#8221;3&#8243; show_title_and_caption=&#8221;off&#8221; show_pagination=&#8221;off&#8221; background_layout=&#8221;light&#8221; auto=&#8221;off&#8221; hover_overlay_color=&#8221;rgba(255,255,255,0.9)&#8221; caption_all_caps=&#8221;off&#8221; use_border_color=&#8221;off&#8221; border_color=&#8221;#ffffff&#8221; border_style=&#8221;solid&#8221; \/][\/et_pb_column][\/et_pb_row][\/et_pb_section]<\/p>\n","protected":false},"excerpt":{"rendered":"<p>[et_pb_section fullwidth=&#8221;off&#8221; specialty=&#8221;off&#8221; transparent_background=&#8221;off&#8221; background_video_mp4=&#8221;http:\/\/015.antiform.eu\/wp-content\/uploads\/2015\/07\/06-Les-Mains-Bleues-Hd-2.mp4&#8243; allow_player_pause=&#8221;off&#8221; inner_shadow=&#8221;off&#8221; parallax=&#8221;off&#8221; parallax_method=&#8221;off&#8221; padding_mobile=&#8221;off&#8221; make_fullwidth=&#8221;off&#8221; use_custom_width=&#8221;off&#8221; width_unit=&#8221;on&#8221; make_equal=&#8221;off&#8221; use_custom_gutter=&#8221;off&#8221;][et_pb_row][et_pb_column type=&#8221;4_4&#8243;][et_pb_image admin_label=&#8221;Bild&#8221; src=&#8221;http:\/\/015.antiform.eu\/wp-content\/uploads\/2015\/07\/lichtspiele2-500.png&#8221; show_in_lightbox=&#8221;off&#8221; url_new_window=&#8221;off&#8221; animation=&#8221;fade_in&#8221; sticky=&#8221;off&#8221; align=&#8221;left&#8221; force_fullwidth=&#8221;off&#8221; always_center_on_mobile=&#8221;on&#8221; use_border_color=&#8221;off&#8221; border_color=&#8221;#ffffff&#8221; border_style=&#8221;solid&#8221; \/][et_pb_text admin_label=&#8221;Text&#8221; background_layout=&#8221;light&#8221; text_orientation=&#8221;left&#8221; use_border_color=&#8221;off&#8221; border_color=&#8221;#ffffff&#8221; border_style=&#8221;solid&#8221;] Galerie f\u00fcr Videokunst [\/et_pb_text][et_pb_divider admin_label=&#8221;Teiler&#8221; color=&#8221;#ffffff&#8221; show_divider=&#8221;off&#8221; height=&#8221;450&#8243; divider_style=&#8221;solid&#8221; divider_position=&#8221;top&#8221; hide_on_mobile=&#8221;on&#8221; \/][\/et_pb_column][\/et_pb_row][\/et_pb_section][et_pb_section fullwidth=&#8221;off&#8221; specialty=&#8221;off&#8221; transparent_background=&#8221;off&#8221; background_color=&#8221;#ffffff&#8221; inner_shadow=&#8221;off&#8221; parallax=&#8221;on&#8221; parallax_method=&#8221;off&#8221; allow_player_pause=&#8221;off&#8221;][et_pb_row][et_pb_column [&hellip;]<\/p>\n","protected":false},"author":4,"featured_media":0,"parent":1692,"menu_order":0,"comment_status":"closed","ping_status":"closed","template":"","meta":[],"_links":{"self":[{"href":"https:\/\/015.antiform.eu\/index.php\/wp-json\/wp\/v2\/pages\/1730"}],"collection":[{"href":"https:\/\/015.antiform.eu\/index.php\/wp-json\/wp\/v2\/pages"}],"about":[{"href":"https:\/\/015.antiform.eu\/index.php\/wp-json\/wp\/v2\/types\/page"}],"author":[{"embeddable":true,"href":"https:\/\/015.antiform.eu\/index.php\/wp-json\/wp\/v2\/users\/4"}],"replies":[{"embeddable":true,"href":"https:\/\/015.antiform.eu\/index.php\/wp-json\/wp\/v2\/comments?post=1730"}],"version-history":[{"count":22,"href":"https:\/\/015.antiform.eu\/index.php\/wp-json\/wp\/v2\/pages\/1730\/revisions"}],"predecessor-version":[{"id":1801,"href":"https:\/\/015.antiform.eu\/index.php\/wp-json\/wp\/v2\/pages\/1730\/revisions\/1801"}],"up":[{"embeddable":true,"href":"https:\/\/015.antiform.eu\/index.php\/wp-json\/wp\/v2\/pages\/1692"}],"wp:attachment":[{"href":"https:\/\/015.antiform.eu\/index.php\/wp-json\/wp\/v2\/media?parent=1730"}],"curies":[{"name":"wp","href":"https:\/\/api.w.org\/{rel}","templated":true}]}}