{"id":1692,"date":"2015-07-21T15:53:08","date_gmt":"2015-07-21T13:53:08","guid":{"rendered":"http:\/\/015.antiform.eu\/?page_id=1692"},"modified":"2017-06-05T12:49:09","modified_gmt":"2017-06-05T10:49:09","slug":"projekte","status":"publish","type":"page","link":"https:\/\/015.antiform.eu\/index.php\/projekte\/","title":{"rendered":"Projekte"},"content":{"rendered":"<p>[et_pb_section admin_label=&#8221;section&#8221; fullwidth=&#8221;on&#8221; specialty=&#8221;off&#8221;][et_pb_fullwidth_header admin_label=&#8221;Vollbreite Kopfzeile&#8221; title=&#8221;Projekte&#8221; subhead=&#8221;Aktuelle und fr\u00fchere Projekte und Aktionen&#8221; background_layout=&#8221;light&#8221; text_orientation=&#8221;left&#8221; header_fullscreen=&#8221;off&#8221; header_scroll_down=&#8221;off&#8221; parallax=&#8221;off&#8221; parallax_method=&#8221;off&#8221; content_orientation=&#8221;center&#8221; image_orientation=&#8221;center&#8221; custom_button_one=&#8221;off&#8221; button_one_letter_spacing=&#8221;0&#8243; button_one_use_icon=&#8221;default&#8221; button_one_icon_placement=&#8221;right&#8221; button_one_on_hover=&#8221;on&#8221; button_one_letter_spacing_hover=&#8221;0&#8243; custom_button_two=&#8221;off&#8221; button_two_letter_spacing=&#8221;0&#8243; button_two_use_icon=&#8221;default&#8221; button_two_icon_placement=&#8221;right&#8221; button_two_on_hover=&#8221;on&#8221; button_two_letter_spacing_hover=&#8221;0&#8243;]<\/p>\n<p>&nbsp;<\/p>\n<p>[\/et_pb_fullwidth_header][\/et_pb_section][et_pb_section admin_label=&#8221;section&#8221; fullwidth=&#8221;off&#8221; specialty=&#8221;off&#8221; transparent_background=&#8221;off&#8221; background_color=&#8221;#ffffff&#8221; inner_shadow=&#8221;off&#8221; parallax=&#8221;on&#8221; parallax_method=&#8221;off&#8221; allow_player_pause=&#8221;off&#8221;][et_pb_row admin_label=&#8221;row&#8221;][et_pb_column type=&#8221;4_4&#8243;][et_pb_divider admin_label=&#8221;Teiler&#8221; color=&#8221;#d6d6d6&#8243; show_divider=&#8221;on&#8221;]<\/p>\n<p>&nbsp;<\/p>\n<p>[\/et_pb_divider][\/et_pb_column][\/et_pb_row][et_pb_row admin_label=&#8221;row&#8221;][et_pb_column type=&#8221;1_3&#8243;][et_pb_image admin_label=&#8221;logo ladenzeile&#8221; src=&#8221;http:\/\/015.antiform.eu\/wp-content\/uploads\/2017\/06\/logolz-500.png&#8221; show_in_lightbox=&#8221;off&#8221; url_new_window=&#8221;off&#8221; animation=&#8221;fade_in&#8221; sticky=&#8221;off&#8221; align=&#8221;left&#8221; force_fullwidth=&#8221;off&#8221; always_center_on_mobile=&#8221;on&#8221; use_border_color=&#8221;off&#8221; border_color=&#8221;#ffffff&#8221; border_style=&#8221;solid&#8221; url=&#8221;http:\/\/015.antiform.eu\/index.php\/projekte\/ladenzeile\/&#8221; use_overlay=&#8221;off&#8221;]<\/p>\n<p>&nbsp;<\/p>\n<p>[\/et_pb_image][\/et_pb_column][et_pb_column type=&#8221;2_3&#8243;][et_pb_text admin_label=&#8221;Name&#8221; background_layout=&#8221;light&#8221; text_orientation=&#8221;left&#8221; use_border_color=&#8221;off&#8221; border_color=&#8221;#ffffff&#8221; border_style=&#8221;solid&#8221;]<\/p>\n<h3 class=\"entry-content\" style=\"text-align: justify;\">LADENZEILE<\/h3>\n<p>[\/et_pb_text][et_pb_text admin_label=&#8221;infotext&#8221; background_layout=&#8221;light&#8221; text_orientation=&#8221;left&#8221; use_border_color=&#8221;off&#8221; border_color=&#8221;#ffffff&#8221; border_style=&#8221;solid&#8221;]<\/p>\n<div class=\"entry-content\" style=\"text-align: justify;\">\n<p class=\"title\"><strong>Drei L\u00e4den, drei Projekte<br \/>\n<\/strong><\/p>\n<p>Mitten in Bad Honnf<\/p>\n<p>&nbsp;<\/p>\n<\/div>\n<div class=\"entry-content\" style=\"text-align: justify;\"><strong><a href=\"http:\/\/015.antiform.eu\/index.php\/projekte\/ladenzeile\/\">(Zur Projektseite)<\/a><\/strong><\/div>\n<p>[\/et_pb_text][\/et_pb_column][\/et_pb_row][et_pb_row admin_label=&#8221;row&#8221;][et_pb_column type=&#8221;4_4&#8243;][et_pb_divider admin_label=&#8221;Teiler&#8221; color=&#8221;#d6d6d6&#8243; show_divider=&#8221;on&#8221;]<\/p>\n<p>&nbsp;<\/p>\n<p>[\/et_pb_divider][\/et_pb_column][\/et_pb_row][et_pb_row admin_label=&#8221;row&#8221;][et_pb_column type=&#8221;1_3&#8243;][et_pb_image admin_label=&#8221;logo ansichtssache&#8221; src=&#8221;http:\/\/015.antiform.eu\/wp-content\/uploads\/2015\/07\/logoas-500.png&#8221; show_in_lightbox=&#8221;off&#8221; url_new_window=&#8221;off&#8221; animation=&#8221;fade_in&#8221; sticky=&#8221;off&#8221; align=&#8221;left&#8221; force_fullwidth=&#8221;off&#8221; always_center_on_mobile=&#8221;on&#8221; use_border_color=&#8221;off&#8221; border_color=&#8221;#ffffff&#8221; border_style=&#8221;solid&#8221; url=&#8221;http:\/\/015.antiform.eu\/index.php\/projekte\/ansichtssache\/&#8221; use_overlay=&#8221;off&#8221;]<\/p>\n<p>&nbsp;<\/p>\n<p>[\/et_pb_image][\/et_pb_column][et_pb_column type=&#8221;2_3&#8243;][et_pb_text admin_label=&#8221;Name&#8221; background_layout=&#8221;light&#8221; text_orientation=&#8221;left&#8221; use_border_color=&#8221;off&#8221; border_color=&#8221;#ffffff&#8221; border_style=&#8221;solid&#8221;]<\/p>\n<h3 class=\"entry-content\" style=\"text-align: justify;\">ANSICHTSSACHE<\/h3>\n<p>[\/et_pb_text][et_pb_text admin_label=&#8221;infotext&#8221; background_layout=&#8221;light&#8221; text_orientation=&#8221;left&#8221; use_border_color=&#8221;off&#8221; border_color=&#8221;#ffffff&#8221; border_style=&#8221;solid&#8221;]<\/p>\n<div class=\"entry-content\" style=\"text-align: justify;\">\n<p class=\"title\"><strong>Die Augen von Roberta<br \/>\n<\/strong><\/p>\n<p>Kooperationsprojekt mit Hohenhonnef GmbH<\/p>\n<p>&nbsp;<\/p>\n<\/div>\n<div class=\"entry-content\" style=\"text-align: justify;\"><strong><a href=\"http:\/\/015.antiform.eu\/index.php\/projekte\/ansichtssache\/\">(Zur Projektseite)<\/a><\/strong><\/div>\n<p>[\/et_pb_text][\/et_pb_column][\/et_pb_row][et_pb_row admin_label=&#8221;row&#8221;][et_pb_column type=&#8221;4_4&#8243;][et_pb_divider admin_label=&#8221;Teiler&#8221; color=&#8221;#d6d6d6&#8243; show_divider=&#8221;on&#8221;]<\/p>\n<p>&nbsp;<\/p>\n<p>[\/et_pb_divider][\/et_pb_column][\/et_pb_row][et_pb_row admin_label=&#8221;row&#8221;][et_pb_column type=&#8221;1_3&#8243;][et_pb_image admin_label=&#8221;logo dialog&#8221; src=&#8221;http:\/\/015.antiform.eu\/wp-content\/uploads\/2015\/07\/dialogo500.jpg&#8221; show_in_lightbox=&#8221;off&#8221; url_new_window=&#8221;off&#8221; animation=&#8221;fade_in&#8221; sticky=&#8221;off&#8221; align=&#8221;left&#8221; force_fullwidth=&#8221;off&#8221; always_center_on_mobile=&#8221;on&#8221; use_border_color=&#8221;off&#8221; border_color=&#8221;#ffffff&#8221; border_style=&#8221;solid&#8221; url=&#8221;http:\/\/015.antiform.eu\/index.php\/projekte\/dialog\/&#8221; use_overlay=&#8221;off&#8221;]<\/p>\n<p>&nbsp;<\/p>\n<p>[\/et_pb_image][\/et_pb_column][et_pb_column type=&#8221;2_3&#8243;][et_pb_text admin_label=&#8221;Name&#8221; background_layout=&#8221;light&#8221; text_orientation=&#8221;left&#8221; use_border_color=&#8221;off&#8221; border_color=&#8221;#ffffff&#8221; border_style=&#8221;solid&#8221;]<\/p>\n<h3 class=\"entry-content\" style=\"text-align: justify;\">DIALOG<\/h3>\n<p>[\/et_pb_text][et_pb_text admin_label=&#8221;infotext&#8221; background_layout=&#8221;light&#8221; text_orientation=&#8221;left&#8221; use_border_color=&#8221;off&#8221; border_color=&#8221;#ffffff&#8221; border_style=&#8221;solid&#8221;]<\/p>\n<div class=\"entry-content\" style=\"text-align: justify;\">\n<p class=\"title\"><strong>Bettina Meyer und Michael Broermann<br \/>\n<\/strong><\/p>\n<p>Gegens\u00e4tze im Gleichklang<\/p>\n<p>&nbsp;<\/p>\n<\/div>\n<div class=\"entry-content\" style=\"text-align: justify;\"><strong><a href=\"http:\/\/015.antiform.eu\/index.php\/projekte\/dialog\/\">(Zur Projektseite)<\/a><\/strong><\/div>\n<p>[\/et_pb_text][\/et_pb_column][\/et_pb_row][et_pb_row admin_label=&#8221;row&#8221;][et_pb_column type=&#8221;4_4&#8243;][et_pb_divider admin_label=&#8221;Teiler&#8221; color=&#8221;#d6d6d6&#8243; show_divider=&#8221;on&#8221;]<\/p>\n<p>&nbsp;<\/p>\n<p>[\/et_pb_divider][\/et_pb_column][\/et_pb_row][et_pb_row admin_label=&#8221;row&#8221;][et_pb_column type=&#8221;1_3&#8243;][et_pb_image admin_label=&#8221;logo es&#8221; src=&#8221;http:\/\/015.antiform.eu\/wp-content\/uploads\/2016\/08\/es-logo-02-500.png&#8221; show_in_lightbox=&#8221;off&#8221; url_new_window=&#8221;off&#8221; animation=&#8221;fade_in&#8221; sticky=&#8221;off&#8221; align=&#8221;left&#8221; force_fullwidth=&#8221;off&#8221; always_center_on_mobile=&#8221;on&#8221; use_border_color=&#8221;off&#8221; border_color=&#8221;#ffffff&#8221; border_style=&#8221;solid&#8221; url=&#8221;http:\/\/015.antiform.eu\/index.php\/projekte\/es\/&#8221; use_overlay=&#8221;off&#8221;]<\/p>\n<p>&nbsp;<\/p>\n<p>[\/et_pb_image][\/et_pb_column][et_pb_column type=&#8221;2_3&#8243;][et_pb_text admin_label=&#8221;Name&#8221; background_layout=&#8221;light&#8221; text_orientation=&#8221;left&#8221; use_border_color=&#8221;off&#8221; border_color=&#8221;#ffffff&#8221; border_style=&#8221;solid&#8221;]<\/p>\n<h3 class=\"entry-content\" style=\"text-align: justify;\">EMPTY SPACES<\/h3>\n<p>[\/et_pb_text][et_pb_text admin_label=&#8221;infotext&#8221; background_layout=&#8221;light&#8221; text_orientation=&#8221;left&#8221; use_border_color=&#8221;off&#8221; border_color=&#8221;#ffffff&#8221; border_style=&#8221;solid&#8221;]<\/p>\n<div class=\"entry-content\" style=\"text-align: justify;\">\n<p class=\"title\"><strong>Kunst im Leerstand<br \/>\n<\/strong><\/p>\n<div class=\"et_pb_text et_pb_module et_pb_bg_layout_light et_pb_text_5\">30 Akteure \/ 4 St\u00e4dte \/ 10 Wochen<\/div>\n<div class=\"et_pb_text et_pb_module et_pb_bg_layout_light et_pb_text_align_left  et_pb_text_5\"><\/div>\n<\/div>\n<div class=\"entry-content\" style=\"text-align: justify;\"><strong><a href=\"http:\/\/015.antiform.eu\/index.php\/projekte\/es\/\">(Zur Projektseite)<\/a><\/strong><\/div>\n<p>[\/et_pb_text][\/et_pb_column][\/et_pb_row][et_pb_row admin_label=&#8221;row&#8221;][et_pb_column type=&#8221;4_4&#8243;][et_pb_divider admin_label=&#8221;Teiler&#8221; color=&#8221;#d6d6d6&#8243; show_divider=&#8221;on&#8221;]<\/p>\n<p>&nbsp;<\/p>\n<p>[\/et_pb_divider][\/et_pb_column][\/et_pb_row][et_pb_row admin_label=&#8221;row&#8221;][et_pb_column type=&#8221;1_3&#8243;][et_pb_image admin_label=&#8221;logo xxl&#8221; src=&#8221;http:\/\/015.antiform.eu\/wp-content\/uploads\/2016\/02\/veranstaltungsbild-max1-quadratisch.jpg&#8221; show_in_lightbox=&#8221;off&#8221; url_new_window=&#8221;off&#8221; animation=&#8221;fade_in&#8221; sticky=&#8221;off&#8221; align=&#8221;left&#8221; force_fullwidth=&#8221;off&#8221; always_center_on_mobile=&#8221;on&#8221; use_border_color=&#8221;off&#8221; border_color=&#8221;#ffffff&#8221; border_style=&#8221;solid&#8221; url=&#8221;http:\/\/015.antiform.eu\/index.php\/xxl\/&#8221;]<\/p>\n<p>&nbsp;<\/p>\n<p>[\/et_pb_image][\/et_pb_column][et_pb_column type=&#8221;2_3&#8243;][et_pb_text admin_label=&#8221;Name&#8221; background_layout=&#8221;light&#8221; text_orientation=&#8221;left&#8221; use_border_color=&#8221;off&#8221; border_color=&#8221;#ffffff&#8221; border_style=&#8221;solid&#8221;]<\/p>\n<h3 class=\"entry-content\" style=\"text-align: justify;\">jung.<\/h3>\n<p>[\/et_pb_text][et_pb_text admin_label=&#8221;infotext&#8221; background_layout=&#8221;light&#8221; text_orientation=&#8221;left&#8221; use_border_color=&#8221;off&#8221; border_color=&#8221;#ffffff&#8221; border_style=&#8221;solid&#8221;]<\/p>\n<div class=\"entry-content\" style=\"text-align: justify;\">\n<p class=\"title\"><strong>jung. | in Kooperation mit dem KKF &#8211; Verband<br \/>\n<\/strong><\/p>\n<div class=\"et_pb_text et_pb_module et_pb_bg_layout_light et_pb_text_5\">\u201c <span class=\"fsl\">Sieben junge Menschen, die ihre individuellen Wege gehen und eines gemeinsam haben: ihr k\u00fcnstlerisches Talent, mit dem sie ihr Umfeld reflektieren und das sie einsetzen f\u00fcr ihren Weg in die Zukunft. In dieser Ausstellung erlauben sie uns einen oft sehr pers\u00f6nlichen Einblick in ihre Welt. In Fotografien, Grafiken, Videos, Zeichnungen und Graffitis spiegelt sich ihr Umfeld, ihre Interessen und ihre Erlebnisse.<\/span>\u201e<\/div>\n<div class=\"et_pb_text et_pb_module et_pb_bg_layout_light et_pb_text_align_left  et_pb_text_5\"><\/div>\n<\/div>\n<div class=\"entry-content\" style=\"text-align: justify;\"><strong><a href=\"http:\/\/015.antiform.eu\/index.php\/jung\/\" target=\"_blank\">(Zur Projektseite)<\/a><\/strong><\/div>\n<p>[\/et_pb_text][\/et_pb_column][\/et_pb_row][et_pb_row admin_label=&#8221;row&#8221;][et_pb_column type=&#8221;4_4&#8243;][et_pb_divider admin_label=&#8221;Teiler&#8221; color=&#8221;#d6d6d6&#8243; show_divider=&#8221;on&#8221;]<\/p>\n<p>&nbsp;<\/p>\n<p>[\/et_pb_divider][\/et_pb_column][\/et_pb_row][et_pb_row admin_label=&#8221;row&#8221;][et_pb_column type=&#8221;1_3&#8243;][et_pb_image admin_label=&#8221;logo xxl&#8221; src=&#8221;http:\/\/015.antiform.eu\/wp-content\/uploads\/2015\/07\/logo-xxl.png&#8221; show_in_lightbox=&#8221;off&#8221; url_new_window=&#8221;off&#8221; animation=&#8221;fade_in&#8221; sticky=&#8221;off&#8221; align=&#8221;left&#8221; force_fullwidth=&#8221;off&#8221; always_center_on_mobile=&#8221;on&#8221; use_border_color=&#8221;off&#8221; border_color=&#8221;#ffffff&#8221; border_style=&#8221;solid&#8221; url=&#8221;http:\/\/015.antiform.eu\/index.php\/xxl\/&#8221;]<\/p>\n<p>&nbsp;<\/p>\n<p>[\/et_pb_image][\/et_pb_column][et_pb_column type=&#8221;2_3&#8243;][et_pb_text admin_label=&#8221;Name&#8221; background_layout=&#8221;light&#8221; text_orientation=&#8221;left&#8221; use_border_color=&#8221;off&#8221; border_color=&#8221;#ffffff&#8221; border_style=&#8221;solid&#8221;]<\/p>\n<h3 class=\"entry-content\" style=\"text-align: justify;\">Hallenkunst XXL<\/h3>\n<p>[\/et_pb_text][et_pb_text admin_label=&#8221;infotext&#8221; background_layout=&#8221;light&#8221; text_orientation=&#8221;left&#8221; use_border_color=&#8221;off&#8221; border_color=&#8221;#ffffff&#8221; border_style=&#8221;solid&#8221;]<\/p>\n<div class=\"entry-content\" style=\"text-align: justify;\">\n<p class=\"title\"><strong>Kunst im Gro\u00dfformat in den Lemmerz-Werken<\/strong><\/p>\n<div class=\"et_pb_text et_pb_module et_pb_bg_layout_light et_pb_text_5\">Das Team von antiform freut sich, dass wir renommierte K\u00fcnstler, die zum \u00fcberwiegenden Teil aus der StreetArt-Szene kommen, f\u00fcr das Projekt XXL begeistern konnten. Sie nehmen gerne die einzigartige Gelegenheit wahr, in der gro\u00dfen Halle einmal ganz ohne Formatbeschr\u00e4nkungen arbeiten zu k\u00f6nnen. Mit einer Gesamtfl\u00e4che von \u00fcber 1000 m\u00b2 und einer H\u00f6he von bis zu 12 m bietet die Halle auch Platz f\u00fcr Gro\u00dfbilder, die sonst nur an Hausw\u00e4nden realisierbar sind.<\/div>\n<div class=\"et_pb_text et_pb_module et_pb_bg_layout_light et_pb_text_align_left  et_pb_text_5\"><\/div>\n<\/div>\n<div class=\"entry-content\" style=\"text-align: justify;\"><strong><a href=\"http:\/\/015.antiform.eu\/index.php\/xxl\/\">(Zur Projektseite)<\/a><\/strong><\/div>\n<p>[\/et_pb_text][\/et_pb_column][\/et_pb_row][et_pb_row admin_label=&#8221;row&#8221;][et_pb_column type=&#8221;4_4&#8243;][et_pb_divider admin_label=&#8221;Teiler&#8221; color=&#8221;#d6d6d6&#8243; show_divider=&#8221;on&#8221;]<\/p>\n<p>&nbsp;<\/p>\n<p>[\/et_pb_divider][\/et_pb_column][\/et_pb_row][et_pb_row admin_label=&#8221;row&#8221;][et_pb_column type=&#8221;1_3&#8243;][et_pb_image admin_label=&#8221;logo 60&#8243; src=&#8221;http:\/\/015.antiform.eu\/wp-content\/uploads\/2015\/07\/logo-001.jpg&#8221; show_in_lightbox=&#8221;off&#8221; url_new_window=&#8221;off&#8221; animation=&#8221;left&#8221; sticky=&#8221;off&#8221; align=&#8221;left&#8221; force_fullwidth=&#8221;off&#8221; always_center_on_mobile=&#8221;on&#8221; use_border_color=&#8221;off&#8221; border_color=&#8221;#ffffff&#8221; border_style=&#8221;solid&#8221;]<\/p>\n<p>&nbsp;<\/p>\n<p>[\/et_pb_image][\/et_pb_column][et_pb_column type=&#8221;2_3&#8243;][et_pb_text admin_label=&#8221;Name&#8221; background_layout=&#8221;light&#8221; text_orientation=&#8221;left&#8221; use_border_color=&#8221;off&#8221; border_color=&#8221;#ffffff&#8221; border_style=&#8221;solid&#8221;]<\/p>\n<h3 class=\"entry-content\" style=\"text-align: justify;\">60 zum 60.<\/h3>\n<p>[\/et_pb_text][et_pb_text admin_label=&#8221;infotext&#8221; background_layout=&#8221;light&#8221; text_orientation=&#8221;left&#8221; use_border_color=&#8221;off&#8221; border_color=&#8221;#ffffff&#8221; border_style=&#8221;solid&#8221;]<\/p>\n<div class=\"entry-content\" style=\"text-align: justify;\">\n<p>Ansichten eines Modells<\/p>\n<p>Realistische Portr\u00e4ts, witzige Karrikaturen, Zeichnungen, Fotos, Figuren und Gem\u00e4lde mit Helmut Lorscheid als Modell aus den letzten f\u00fcnf Jahren<\/p>\n<p><a href=\"http:\/\/015.antiform.eu\/index.php\/projekte\/60zum60\/\">\u00a0<strong>(Zur Projektseite)<\/strong><\/a><\/p>\n<\/div>\n<p>[\/et_pb_text][\/et_pb_column][\/et_pb_row][et_pb_row admin_label=&#8221;row&#8221;][et_pb_column type=&#8221;4_4&#8243;][et_pb_divider admin_label=&#8221;Teiler&#8221; color=&#8221;#d6d6d6&#8243; show_divider=&#8221;on&#8221;]<\/p>\n<p>&nbsp;<\/p>\n<p>[\/et_pb_divider][\/et_pb_column][\/et_pb_row][et_pb_row admin_label=&#8221;row&#8221;][et_pb_column type=&#8221;1_3&#8243;][et_pb_image admin_label=&#8221;logo galerie1&#8243; src=&#8221;http:\/\/015.antiform.eu\/wp-content\/uploads\/2015\/07\/galerie1_1.png&#8221; show_in_lightbox=&#8221;off&#8221; url_new_window=&#8221;off&#8221; animation=&#8221;fade_in&#8221; sticky=&#8221;off&#8221; align=&#8221;left&#8221; force_fullwidth=&#8221;off&#8221; always_center_on_mobile=&#8221;on&#8221; use_border_color=&#8221;off&#8221; border_color=&#8221;#ffffff&#8221; border_style=&#8221;solid&#8221;]<\/p>\n<p>&nbsp;<\/p>\n<p>[\/et_pb_image][\/et_pb_column][et_pb_column type=&#8221;2_3&#8243;][et_pb_text admin_label=&#8221;Name&#8221; background_layout=&#8221;light&#8221; text_orientation=&#8221;left&#8221; use_border_color=&#8221;off&#8221; border_color=&#8221;#ffffff&#8221; border_style=&#8221;solid&#8221;]<\/p>\n<h3 class=\"entry-content\" style=\"text-align: justify;\">galerie.1<\/h3>\n<p>[\/et_pb_text][et_pb_text admin_label=&#8221;infotext&#8221; background_layout=&#8221;light&#8221; text_orientation=&#8221;left&#8221; use_border_color=&#8221;off&#8221; border_color=&#8221;#ffffff&#8221; border_style=&#8221;solid&#8221;]<\/p>\n<p style=\"text-align: justify;\"><strong>Galerie f\u00fcr zeitgen\u00f6ssische Kunst<\/strong><\/p>\n<p>Im Rahmen der Initiative KULTURZONE KW, bei der leer stehende Ladenlokale mit kulturellen Projekten tempor\u00e4r reaktiviert wurden, er\u00f6ffnete antiform am 27. Oktober 2012 mitten in der Altstadt von K\u00f6nigswinter eine Galerie. Im gerade frisch renovierten Haus in der Hauptstra\u00dfe 362 wurden auf insgesamt 160 m\u00b2 Fl\u00e4che Ausstellungen von Werken nationaler und internationaler K\u00fcnstler pr\u00e4sentiert. Das Projekt endete im September 2014. Danach wurden die R\u00e4ume an den Eigent\u00fcmer zur\u00fcckgegeben, der dort einen Fr\u00fchst\u00fccksraum f\u00fcr das G\u00e4stehaus Drachenfels im selben Geb\u00e4ude einrichtete.<\/p>\n<p style=\"text-align: justify;\"><strong><a href=\"http:\/\/015.antiform.eu\/index.php\/projekte\/galerie1\/\">(Zur Projektseite)<\/a><\/strong><\/p>\n<p>[\/et_pb_text][\/et_pb_column][\/et_pb_row][et_pb_row admin_label=&#8221;row&#8221;][et_pb_column type=&#8221;4_4&#8243;][et_pb_divider admin_label=&#8221;Teiler&#8221; color=&#8221;#d6d6d6&#8243; show_divider=&#8221;on&#8221;]<\/p>\n<p>&nbsp;<\/p>\n<p>[\/et_pb_divider][\/et_pb_column][\/et_pb_row][et_pb_row admin_label=&#8221;row&#8221;][et_pb_column type=&#8221;1_3&#8243;][et_pb_image admin_label=&#8221;logo lichtspiele&#8221; src=&#8221;http:\/\/015.antiform.eu\/wp-content\/uploads\/2015\/07\/lichtspiele5.png&#8221; show_in_lightbox=&#8221;off&#8221; url_new_window=&#8221;off&#8221; animation=&#8221;left&#8221; sticky=&#8221;off&#8221; align=&#8221;left&#8221; force_fullwidth=&#8221;off&#8221; always_center_on_mobile=&#8221;on&#8221; use_border_color=&#8221;off&#8221; border_color=&#8221;#ffffff&#8221; border_style=&#8221;solid&#8221;]<\/p>\n<p>&nbsp;<\/p>\n<p>[\/et_pb_image][\/et_pb_column][et_pb_column type=&#8221;2_3&#8243;][et_pb_text admin_label=&#8221;Name&#8221; background_layout=&#8221;light&#8221; text_orientation=&#8221;left&#8221; use_border_color=&#8221;off&#8221; border_color=&#8221;#ffffff&#8221; border_style=&#8221;solid&#8221;]<\/p>\n<h3 class=\"entry-content\" style=\"text-align: justify;\">Lichtspiele<\/h3>\n<p>[\/et_pb_text][et_pb_text admin_label=&#8221;infotext&#8221; background_layout=&#8221;light&#8221; text_orientation=&#8221;left&#8221; use_border_color=&#8221;off&#8221; border_color=&#8221;#ffffff&#8221; border_style=&#8221;solid&#8221;]<\/p>\n<div class=\"entry-content\" style=\"text-align: justify;\">\n<p>Galerie f\u00fcr Videokunst<\/p>\n<p>Im ehemaligen Schlecker-Markt in der Fu\u00dfg\u00e4ngerzone von K\u00f6nigswinter entstand im Fr\u00fchjahr 2013 die erste Galerie f\u00fcr Videokunst weit und breit. Dort werden in unregelm\u00e4\u00dfigem Rhythmus Arbeiten von Videok\u00fcnstlern aus dem In- und Ausland pr\u00e4sentiert. Zus\u00e4tzlich pr\u00e4sentiert das Antiform-Team dort themenbezogene programme, wie zum Beispiel Werbe- und Imagefilme aus der ganzen Welt.<\/p>\n<p><strong><a href=\"http:\/\/015.antiform.eu\/index.php\/projekte\/lichtspiele\/\">(Zur Projektseite)<\/a><\/strong><\/p>\n<\/div>\n<p>[\/et_pb_text][\/et_pb_column][\/et_pb_row][\/et_pb_section]<\/p>\n","protected":false},"excerpt":{"rendered":"<p>[et_pb_section admin_label=&#8221;section&#8221; fullwidth=&#8221;on&#8221; specialty=&#8221;off&#8221;][et_pb_fullwidth_header admin_label=&#8221;Vollbreite Kopfzeile&#8221; title=&#8221;Projekte&#8221; subhead=&#8221;Aktuelle und fr\u00fchere Projekte und Aktionen&#8221; background_layout=&#8221;light&#8221; text_orientation=&#8221;left&#8221; header_fullscreen=&#8221;off&#8221; header_scroll_down=&#8221;off&#8221; parallax=&#8221;off&#8221; parallax_method=&#8221;off&#8221; content_orientation=&#8221;center&#8221; image_orientation=&#8221;center&#8221; custom_button_one=&#8221;off&#8221; button_one_letter_spacing=&#8221;0&#8243; button_one_use_icon=&#8221;default&#8221; button_one_icon_placement=&#8221;right&#8221; button_one_on_hover=&#8221;on&#8221; button_one_letter_spacing_hover=&#8221;0&#8243; custom_button_two=&#8221;off&#8221; button_two_letter_spacing=&#8221;0&#8243; button_two_use_icon=&#8221;default&#8221; button_two_icon_placement=&#8221;right&#8221; button_two_on_hover=&#8221;on&#8221; button_two_letter_spacing_hover=&#8221;0&#8243;] &nbsp; [\/et_pb_fullwidth_header][\/et_pb_section][et_pb_section admin_label=&#8221;section&#8221; fullwidth=&#8221;off&#8221; specialty=&#8221;off&#8221; transparent_background=&#8221;off&#8221; background_color=&#8221;#ffffff&#8221; inner_shadow=&#8221;off&#8221; parallax=&#8221;on&#8221; parallax_method=&#8221;off&#8221; allow_player_pause=&#8221;off&#8221;][et_pb_row admin_label=&#8221;row&#8221;][et_pb_column type=&#8221;4_4&#8243;][et_pb_divider admin_label=&#8221;Teiler&#8221; color=&#8221;#d6d6d6&#8243; show_divider=&#8221;on&#8221;] &nbsp; [\/et_pb_divider][\/et_pb_column][\/et_pb_row][et_pb_row admin_label=&#8221;row&#8221;][et_pb_column type=&#8221;1_3&#8243;][et_pb_image admin_label=&#8221;logo ladenzeile&#8221; [&hellip;]<\/p>\n","protected":false},"author":4,"featured_media":0,"parent":0,"menu_order":0,"comment_status":"closed","ping_status":"closed","template":"","meta":[],"_links":{"self":[{"href":"https:\/\/015.antiform.eu\/index.php\/wp-json\/wp\/v2\/pages\/1692"}],"collection":[{"href":"https:\/\/015.antiform.eu\/index.php\/wp-json\/wp\/v2\/pages"}],"about":[{"href":"https:\/\/015.antiform.eu\/index.php\/wp-json\/wp\/v2\/types\/page"}],"author":[{"embeddable":true,"href":"https:\/\/015.antiform.eu\/index.php\/wp-json\/wp\/v2\/users\/4"}],"replies":[{"embeddable":true,"href":"https:\/\/015.antiform.eu\/index.php\/wp-json\/wp\/v2\/comments?post=1692"}],"version-history":[{"count":29,"href":"https:\/\/015.antiform.eu\/index.php\/wp-json\/wp\/v2\/pages\/1692\/revisions"}],"predecessor-version":[{"id":3040,"href":"https:\/\/015.antiform.eu\/index.php\/wp-json\/wp\/v2\/pages\/1692\/revisions\/3040"}],"wp:attachment":[{"href":"https:\/\/015.antiform.eu\/index.php\/wp-json\/wp\/v2\/media?parent=1692"}],"curies":[{"name":"wp","href":"https:\/\/api.w.org\/{rel}","templated":true}]}}